{"id":977,"date":"2021-04-07T14:30:53","date_gmt":"2021-04-07T12:30:53","guid":{"rendered":"https:\/\/fruitsbelgi.es\/politica-de-cookies\/"},"modified":"2021-07-19T13:02:49","modified_gmt":"2021-07-19T11:02:49","slug":"politique-de-cookies","status":"publish","type":"page","link":"https:\/\/fruitsbelgi.es\/fr\/politique-de-cookies\/","title":{"rendered":"Politique de cookies"},"content":{"rendered":"<p>[et_pb_section fb_built=\u00a0\u00bb1&Prime; _builder_version=\u00a0\u00bb4.9.4&Prime; _module_preset=\u00a0\u00bbdefault\u00a0\u00bb][et_pb_row _builder_version=\u00a0\u00bb4.9.4&Prime; _module_preset=\u00a0\u00bbdefault\u00a0\u00bb max_width=\u00a0\u00bb900px\u00a0\u00bb][et_pb_column type=\u00a0\u00bb4_4&Prime; _builder_version=\u00a0\u00bb4.9.4&Prime; _module_preset=\u00a0\u00bbdefault\u00a0\u00bb][et_pb_text _builder_version=\u00a0\u00bb4.9.4&Prime; _module_preset=\u00a0\u00bbdefault\u00a0\u00bb width=\u00a0\u00bb100%\u00a0\u00bb max_width=\u00a0\u00bb900px\u00a0\u00bb hover_enabled=\u00a0\u00bb0&Prime; link_text_color=\u00a0\u00bb#F53E4A\u00a0\u00bb header_font_size=\u00a0\u00bb42px\u00a0\u00bb sticky_enabled=\u00a0\u00bb0&Prime;]<\/p>\n<h1><span style=\"font-weight: 400\">POLITIQUE DE COOKIES<\/span><\/h1>\n<p><span style=\"font-weight: 400\"><\/span><\/p>\n<p><span style=\"font-weight: 400\"><\/span><\/p>\n<p><span style=\"font-weight: 400\">Les cookies sont de petites quantit\u00e9s d&rsquo;informations qui sont stock\u00e9es dans le navigateur utilis\u00e9 par chaque utilisateur afin que le serveur se souvienne de certaines informations qu&rsquo;il peut utiliser ult\u00e9rieurement.<\/span><\/p>\n<h2><span style=\"font-weight: 400\">TYPES DE COOKIES QUE NOUS UTILISONS<\/span><\/h2>\n<p><span style=\"font-weight: 400\">Ce site Web utilise des cookies tiers, qui sont ceux qui sont envoy\u00e9s \u00e0 votre ordinateur ou terminal \u00e0 partir d&rsquo;un domaine ou d&rsquo;un site Web qui n&rsquo;est pas g\u00e9r\u00e9 par nous, mais par une autre entit\u00e9 qui traite les donn\u00e9es obtenues via les cookies.<\/span><\/p>\n<p><span style=\"font-weight: 400\">Dans ce cas, les Cookies sont utilis\u00e9s \u00e0 des fins statistiques li\u00e9es aux visites qu&rsquo;il re\u00e7oit et aux pages consult\u00e9es, leur utilisation \u00e9tant accept\u00e9e lors de la navigation.<\/span><\/p>\n<table>\n<tbody>\n<tr>\n<td>\n<p><b>BISCUIT<\/b><\/p>\n<p><b>(ET FOURNISSEUR)<\/b><\/p>\n<\/td>\n<td><b>DUR\u00c9E<\/b><\/td>\n<td><b>LA DESCRIPTION<\/b><\/td>\n<\/tr>\n<tr>\n<td><span style=\"font-weight: 400\">__cfduid (notin.es)<\/span><\/td>\n<td><span style=\"font-weight: 400\">Session<\/span><\/td>\n<td><span style=\"font-weight: 400\">Publicit\u00e9<\/span><\/td>\n<\/tr>\n<tr>\n<td><span style=\"font-weight: 400\">personnalisation_id (twitter.com)<\/span><\/td>\n<td><span style=\"font-weight: 400\">Session<\/span><\/td>\n<td><span style=\"font-weight: 400\">Twitter<\/span><\/td>\n<\/tr>\n<tr>\n<td><span style=\"font-weight: 400\">Facebook<\/span><\/td>\n<td><span style=\"font-weight: 400\">Publicit\u00e9, statistiques et mesures<\/span><\/td>\n<td><span style=\"font-weight: 400\">Il place des cookies sur l&rsquo;ordinateur ou l&rsquo;appareil et re\u00e7oit les informations qui y sont stock\u00e9es lorsque vous utilisez ou visitez des services fournis par d&rsquo;autres soci\u00e9t\u00e9s qui utilisent les services Facebook.<\/span><\/td>\n<\/tr>\n<tr>\n<td><span style=\"font-weight: 400\">_ga (Google)<\/span><\/td>\n<td><span style=\"font-weight: 400\">2 ans<\/span><\/td>\n<td><span style=\"font-weight: 400\">Il est utilis\u00e9 pour distinguer les utilisateurs.<\/span><\/td>\n<\/tr>\n<tr>\n<td><span style=\"font-weight: 400\">_gid (Google)<\/span><\/td>\n<td><span style=\"font-weight: 400\">24 heures<\/span><\/td>\n<td><span style=\"font-weight: 400\">Il est utilis\u00e9 pour distinguer les utilisateurs.<\/span><\/td>\n<\/tr>\n<tr>\n<td><span style=\"font-weight: 400\">_gat (Google)<\/span><\/td>\n<td><span style=\"font-weight: 400\">1 minute<\/span><\/td>\n<td><span style=\"font-weight: 400\">Il est utilis\u00e9 pour limiter le pourcentage de demandes. Si vous avez impl\u00e9ment\u00e9 Google Analytics via Google Tag Manager, ce cookie s&rsquo;appellera _dc_gtm_&lt; id-propri\u00e9t\u00e9&gt; .<\/span><\/td>\n<\/tr>\n<tr>\n<td><span style=\"font-weight: 400\">_gali (Google)<\/span><\/td>\n<td><span style=\"font-weight: 400\">30s<\/span><\/td>\n<td><span style=\"font-weight: 400\">Attribution de liens am\u00e9lior\u00e9e.<\/span><\/td>\n<\/tr>\n<tr>\n<td><span style=\"font-weight: 400\">_unam (PARTAGEZ)<\/span><\/td>\n<td><span style=\"font-weight: 400\">Persistant<\/span><\/td>\n<td><span style=\"font-weight: 400\">Son objectif est de quantifier le nombre d&rsquo;utilisateurs qui partagent certains contenus et le nombre de pages Web visit\u00e9es \u00e0 la suite de cette action.<\/span><\/td>\n<\/tr>\n<tr>\n<td><span style=\"font-weight: 400\">WordPress<\/span><\/td>\n<td><span style=\"font-weight: 400\">2 ans<\/span><\/td>\n<td><span style=\"font-weight: 400\">Utilis\u00e9 pour le bon fonctionnement du gestionnaire de contenu WordPress.<\/span><\/td>\n<\/tr>\n<\/tbody>\n<\/table>\n<p><span style=\"font-weight: 400\">Si vous souhaitez plus d&rsquo;informations sur les types de cookies d&rsquo;analyse et de suivi des donn\u00e9es Google<\/span><a href=\"https:\/\/www.google.com\/intl\/es_es\/policies\/technologies\/types\/\"><span style=\"font-weight: 400\"> Cliquez ici<\/span><\/a><span style=\"font-weight: 400\"> .<\/span><\/p>\n<p><span style=\"font-weight: 400\">Pour savoir comment supprimer les cookies de votre navigateur :<\/span><\/p>\n<ul>\n<li style=\"font-weight: 400\"><a href=\"https:\/\/support.mozilla.org\/es\/kb\/habilitar-y-deshabilitar-cookies-sitios-web-rastrear-preferencias\"><span style=\"font-weight: 400\">Firefox<\/span><\/a><\/li>\n<li style=\"font-weight: 400\"><a href=\"https:\/\/support.google.com\/chrome\/answer\/95647?hl=es\"><span style=\"font-weight: 400\">Chrome<\/span><\/a><\/li>\n<li style=\"font-weight: 400\"><a href=\"https:\/\/support.microsoft.com\/es-es\/topic\/eliminar-y-administrar-cookies-168dab11-0753-043d-7c16-ede5947fc64d\"><span style=\"font-weight: 400\">Internet Explorer<\/span><\/a><\/li>\n<li style=\"font-weight: 400\"><a href=\"https:\/\/support.apple.com\/kb\/PH19214?viewlocale=es_ES&amp;locale=es_ES\"><span style=\"font-weight: 400\">Safari<\/span><\/a><\/li>\n<li style=\"font-weight: 400\"><a href=\"https:\/\/www.allaboutcookies.org\/es\/administrar-las-cookies\/opera.html\"><span style=\"font-weight: 400\">Op\u00e9ra<\/span><\/a><\/li>\n<\/ul>\n<p>&nbsp;<\/p>\n<h3><\/h3>\n<p>[\/et_pb_text][\/et_pb_column][\/et_pb_row][\/et_pb_section]<\/p>\n","protected":false},"excerpt":{"rendered":"<p>POLITIQUE DE COOKIES Les cookies sont de petites quantit\u00e9s d&rsquo;informations qui sont stock\u00e9es dans le navigateur utilis\u00e9 par chaque utilisateur afin que le serveur se souvienne de certaines informations qu&rsquo;il peut utiliser ult\u00e9rieurement. TYPES DE COOKIES QUE NOUS UTILISONS Ce site Web utilise des cookies tiers, qui sont ceux qui sont envoy\u00e9s \u00e0 votre ordinateur [&hellip;]<\/p>\n","protected":false},"author":3,"featured_media":0,"parent":0,"menu_order":0,"comment_status":"closed","ping_status":"closed","template":"","meta":{"_et_pb_use_builder":"on","_et_pb_old_content":"","_et_gb_content_width":"","footnotes":""},"class_list":["post-977","page","type-page","status-publish","hentry"],"yoast_head":"<!-- This site is optimized with the Yoast SEO plugin v27.5 - https:\/\/yoast.com\/product\/yoast-seo-wordpress\/ -->\n<title>Politique de cookies &#060; Fruits Belgi<\/title>\n<meta name=\"robots\" content=\"index, follow, max-snippet:-1, max-image-preview:large, max-video-preview:-1\" \/>\n<link rel=\"canonical\" href=\"https:\/\/fruitsbelgi.es\/fr\/politique-de-cookies\/\" \/>\n<meta property=\"og:locale\" content=\"fr_FR\" \/>\n<meta property=\"og:type\" content=\"article\" \/>\n<meta property=\"og:title\" content=\"Politique de cookies &#060; Fruits Belgi\" \/>\n<meta property=\"og:description\" content=\"POLITIQUE DE COOKIES Les cookies sont de petites quantit\u00e9s d&#039;informations qui sont stock\u00e9es dans le navigateur utilis\u00e9 par chaque utilisateur afin que le serveur se souvienne de certaines informations qu&#039;il peut utiliser ult\u00e9rieurement. TYPES DE COOKIES QUE NOUS UTILISONS Ce site Web utilise des cookies tiers, qui sont ceux qui sont envoy\u00e9s \u00e0 votre ordinateur [&hellip;]\" \/>\n<meta property=\"og:url\" content=\"https:\/\/fruitsbelgi.es\/fr\/politique-de-cookies\/\" \/>\n<meta property=\"og:site_name\" content=\"Fruits Belgi\" \/>\n<meta property=\"article:publisher\" content=\"https:\/\/www.facebook.com\/FruitsBelgi\" \/>\n<meta property=\"article:modified_time\" content=\"2021-07-19T11:02:49+00:00\" \/>\n<meta property=\"og:image\" content=\"https:\/\/fruitsbelgi.es\/wp-content\/uploads\/2021\/04\/logo-belgi-sin-txt-400.png\" \/>\n\t<meta property=\"og:image:width\" content=\"401\" \/>\n\t<meta property=\"og:image:height\" content=\"122\" \/>\n\t<meta property=\"og:image:type\" content=\"image\/png\" \/>\n<meta name=\"twitter:card\" content=\"summary_large_image\" \/>\n<meta name=\"twitter:label1\" content=\"Dur\u00e9e de lecture estim\u00e9e\" \/>\n\t<meta name=\"twitter:data1\" content=\"2 minutes\" \/>\n<script type=\"application\/ld+json\" class=\"yoast-schema-graph\">{\"@context\":\"https:\\\/\\\/schema.org\",\"@graph\":[{\"@type\":\"WebPage\",\"@id\":\"https:\\\/\\\/fruitsbelgi.es\\\/fr\\\/politique-de-cookies\\\/\",\"url\":\"https:\\\/\\\/fruitsbelgi.es\\\/fr\\\/politique-de-cookies\\\/\",\"name\":\"Politique de cookies &#060; Fruits Belgi\",\"isPartOf\":{\"@id\":\"https:\\\/\\\/fruitsbelgi.es\\\/fr\\\/#website\"},\"datePublished\":\"2021-04-07T12:30:53+00:00\",\"dateModified\":\"2021-07-19T11:02:49+00:00\",\"breadcrumb\":{\"@id\":\"https:\\\/\\\/fruitsbelgi.es\\\/fr\\\/politique-de-cookies\\\/#breadcrumb\"},\"inLanguage\":\"fr-FR\",\"potentialAction\":[{\"@type\":\"ReadAction\",\"target\":[\"https:\\\/\\\/fruitsbelgi.es\\\/fr\\\/politique-de-cookies\\\/\"]}]},{\"@type\":\"BreadcrumbList\",\"@id\":\"https:\\\/\\\/fruitsbelgi.es\\\/fr\\\/politique-de-cookies\\\/#breadcrumb\",\"itemListElement\":[{\"@type\":\"ListItem\",\"position\":1,\"name\":\"Home\",\"item\":\"https:\\\/\\\/fruitsbelgi.es\\\/fr\\\/\"},{\"@type\":\"ListItem\",\"position\":2,\"name\":\"Politique de cookies\"}]},{\"@type\":\"WebSite\",\"@id\":\"https:\\\/\\\/fruitsbelgi.es\\\/fr\\\/#website\",\"url\":\"https:\\\/\\\/fruitsbelgi.es\\\/fr\\\/\",\"name\":\"Fruits Belgi\",\"description\":\"Agricultura responsable\",\"publisher\":{\"@id\":\"https:\\\/\\\/fruitsbelgi.es\\\/fr\\\/#organization\"},\"potentialAction\":[{\"@type\":\"SearchAction\",\"target\":{\"@type\":\"EntryPoint\",\"urlTemplate\":\"https:\\\/\\\/fruitsbelgi.es\\\/fr\\\/?s={search_term_string}\"},\"query-input\":{\"@type\":\"PropertyValueSpecification\",\"valueRequired\":true,\"valueName\":\"search_term_string\"}}],\"inLanguage\":\"fr-FR\"},{\"@type\":\"Organization\",\"@id\":\"https:\\\/\\\/fruitsbelgi.es\\\/fr\\\/#organization\",\"name\":\"Fruits Belgi, S.L.\",\"url\":\"https:\\\/\\\/fruitsbelgi.es\\\/fr\\\/\",\"logo\":{\"@type\":\"ImageObject\",\"inLanguage\":\"fr-FR\",\"@id\":\"https:\\\/\\\/fruitsbelgi.es\\\/fr\\\/#\\\/schema\\\/logo\\\/image\\\/\",\"url\":\"https:\\\/\\\/fruitsbelgi.es\\\/wp-content\\\/uploads\\\/2021\\\/04\\\/logo-belgi-sin-txt-400.png\",\"contentUrl\":\"https:\\\/\\\/fruitsbelgi.es\\\/wp-content\\\/uploads\\\/2021\\\/04\\\/logo-belgi-sin-txt-400.png\",\"width\":401,\"height\":122,\"caption\":\"Fruits Belgi, S.L.\"},\"image\":{\"@id\":\"https:\\\/\\\/fruitsbelgi.es\\\/fr\\\/#\\\/schema\\\/logo\\\/image\\\/\"},\"sameAs\":[\"https:\\\/\\\/www.facebook.com\\\/FruitsBelgi\",\"https:\\\/\\\/www.instagram.com\\\/fruitsbelgi\\\/\"]}]}<\/script>\n<!-- \/ Yoast SEO plugin. -->","yoast_head_json":{"title":"Politique de cookies &#060; Fruits Belgi","robots":{"index":"index","follow":"follow","max-snippet":"max-snippet:-1","max-image-preview":"max-image-preview:large","max-video-preview":"max-video-preview:-1"},"canonical":"https:\/\/fruitsbelgi.es\/fr\/politique-de-cookies\/","og_locale":"fr_FR","og_type":"article","og_title":"Politique de cookies &#060; Fruits Belgi","og_description":"POLITIQUE DE COOKIES Les cookies sont de petites quantit\u00e9s d'informations qui sont stock\u00e9es dans le navigateur utilis\u00e9 par chaque utilisateur afin que le serveur se souvienne de certaines informations qu'il peut utiliser ult\u00e9rieurement. TYPES DE COOKIES QUE NOUS UTILISONS Ce site Web utilise des cookies tiers, qui sont ceux qui sont envoy\u00e9s \u00e0 votre ordinateur [&hellip;]","og_url":"https:\/\/fruitsbelgi.es\/fr\/politique-de-cookies\/","og_site_name":"Fruits Belgi","article_publisher":"https:\/\/www.facebook.com\/FruitsBelgi","article_modified_time":"2021-07-19T11:02:49+00:00","og_image":[{"width":401,"height":122,"url":"https:\/\/fruitsbelgi.es\/wp-content\/uploads\/2021\/04\/logo-belgi-sin-txt-400.png","type":"image\/png"}],"twitter_card":"summary_large_image","twitter_misc":{"Dur\u00e9e de lecture estim\u00e9e":"2 minutes"},"schema":{"@context":"https:\/\/schema.org","@graph":[{"@type":"WebPage","@id":"https:\/\/fruitsbelgi.es\/fr\/politique-de-cookies\/","url":"https:\/\/fruitsbelgi.es\/fr\/politique-de-cookies\/","name":"Politique de cookies &#060; Fruits Belgi","isPartOf":{"@id":"https:\/\/fruitsbelgi.es\/fr\/#website"},"datePublished":"2021-04-07T12:30:53+00:00","dateModified":"2021-07-19T11:02:49+00:00","breadcrumb":{"@id":"https:\/\/fruitsbelgi.es\/fr\/politique-de-cookies\/#breadcrumb"},"inLanguage":"fr-FR","potentialAction":[{"@type":"ReadAction","target":["https:\/\/fruitsbelgi.es\/fr\/politique-de-cookies\/"]}]},{"@type":"BreadcrumbList","@id":"https:\/\/fruitsbelgi.es\/fr\/politique-de-cookies\/#breadcrumb","itemListElement":[{"@type":"ListItem","position":1,"name":"Home","item":"https:\/\/fruitsbelgi.es\/fr\/"},{"@type":"ListItem","position":2,"name":"Politique de cookies"}]},{"@type":"WebSite","@id":"https:\/\/fruitsbelgi.es\/fr\/#website","url":"https:\/\/fruitsbelgi.es\/fr\/","name":"Fruits Belgi","description":"Agricultura responsable","publisher":{"@id":"https:\/\/fruitsbelgi.es\/fr\/#organization"},"potentialAction":[{"@type":"SearchAction","target":{"@type":"EntryPoint","urlTemplate":"https:\/\/fruitsbelgi.es\/fr\/?s={search_term_string}"},"query-input":{"@type":"PropertyValueSpecification","valueRequired":true,"valueName":"search_term_string"}}],"inLanguage":"fr-FR"},{"@type":"Organization","@id":"https:\/\/fruitsbelgi.es\/fr\/#organization","name":"Fruits Belgi, S.L.","url":"https:\/\/fruitsbelgi.es\/fr\/","logo":{"@type":"ImageObject","inLanguage":"fr-FR","@id":"https:\/\/fruitsbelgi.es\/fr\/#\/schema\/logo\/image\/","url":"https:\/\/fruitsbelgi.es\/wp-content\/uploads\/2021\/04\/logo-belgi-sin-txt-400.png","contentUrl":"https:\/\/fruitsbelgi.es\/wp-content\/uploads\/2021\/04\/logo-belgi-sin-txt-400.png","width":401,"height":122,"caption":"Fruits Belgi, S.L."},"image":{"@id":"https:\/\/fruitsbelgi.es\/fr\/#\/schema\/logo\/image\/"},"sameAs":["https:\/\/www.facebook.com\/FruitsBelgi","https:\/\/www.instagram.com\/fruitsbelgi\/"]}]}},"_links":{"self":[{"href":"https:\/\/fruitsbelgi.es\/fr\/wp-json\/wp\/v2\/pages\/977","targetHints":{"allow":["GET"]}}],"collection":[{"href":"https:\/\/fruitsbelgi.es\/fr\/wp-json\/wp\/v2\/pages"}],"about":[{"href":"https:\/\/fruitsbelgi.es\/fr\/wp-json\/wp\/v2\/types\/page"}],"author":[{"embeddable":true,"href":"https:\/\/fruitsbelgi.es\/fr\/wp-json\/wp\/v2\/users\/3"}],"replies":[{"embeddable":true,"href":"https:\/\/fruitsbelgi.es\/fr\/wp-json\/wp\/v2\/comments?post=977"}],"version-history":[{"count":5,"href":"https:\/\/fruitsbelgi.es\/fr\/wp-json\/wp\/v2\/pages\/977\/revisions"}],"predecessor-version":[{"id":1002,"href":"https:\/\/fruitsbelgi.es\/fr\/wp-json\/wp\/v2\/pages\/977\/revisions\/1002"}],"wp:attachment":[{"href":"https:\/\/fruitsbelgi.es\/fr\/wp-json\/wp\/v2\/media?parent=977"}],"curies":[{"name":"wp","href":"https:\/\/api.w.org\/{rel}","templated":true}]}}