{"id":1006,"date":"2021-04-03T14:28:14","date_gmt":"2021-04-03T12:28:14","guid":{"rendered":"https:\/\/fruitsbelgi.es\/politica-de-privacidad\/"},"modified":"2021-07-19T14:04:51","modified_gmt":"2021-07-19T12:04:51","slug":"privacy-policy","status":"publish","type":"page","link":"https:\/\/fruitsbelgi.es\/en\/privacy-policy\/","title":{"rendered":"Privacy Policy"},"content":{"rendered":"<p>[et_pb_section fb_built=&#8221;1&#8243; admin_label=&#8221;section&#8221; _builder_version=&#8221;3.22&#8243;][et_pb_row admin_label=&#8221;row&#8221; _builder_version=&#8221;4.9.4&#8243; background_size=&#8221;initial&#8221; background_position=&#8221;top_left&#8221; background_repeat=&#8221;repeat&#8221; max_width=&#8221;900px&#8221;][et_pb_column type=&#8221;4_4&#8243; _builder_version=&#8221;3.25&#8243; custom_padding=&#8221;|||&#8221; custom_padding__hover=&#8221;|||&#8221;][et_pb_text _builder_version=&#8221;4.9.4&#8243; _module_preset=&#8221;default&#8221; link_text_color=&#8221;#F53E4A&#8221; header_font_size=&#8221;42px&#8221; width=&#8221;100%&#8221; max_width=&#8221;900px&#8221; module_alignment=&#8221;center&#8221; hover_enabled=&#8221;0&#8243; sticky_enabled=&#8221;0&#8243;]<\/p>\n<h1><span style=\"font-weight: 400;\">PRIVACY POLICY<\/span><\/h1>\n<p><span style=\"font-weight: 400;\"><\/span><\/p>\n<p><span style=\"font-weight: 400;\"><\/span><\/p>\n<h2><b>1.<\/b> <b>INFORMATION TO THE USER<\/b><\/h2>\n<p><b>Fruits Belgi, SL<\/b><span style=\"font-weight: 400;\">, as Responsible for the Treatment, informs you that, according to the provisions of Regulation (EU) 2016\/679, of April 27, (RGPD) and in LO 3\/2018, of December 5 , of data protection and guarantee of digital rights (LOPDGDD), we will treat your data as we reflect in this Privacy Policy.<\/span><\/p>\n<p><span style=\"font-weight: 400;\">In this Privacy Policy we describe how we collect your personal data and why we collect it, what we do with it, with whom we share it, how we protect it, and your options regarding the processing of your personal data.<\/span><\/p>\n<p><span style=\"font-weight: 400;\">This Policy applies to the processing of your personal data collected by the company for the provision of its services. If you accept the measures of this Policy, you agree that we process your personal data as defined in this Policy.<\/span><\/p>\n<h2><span style=\"font-weight: 400;\">2. CONTACT Company<\/span><\/h2>\n<p><span style=\"font-weight: 400;\">name: <\/span><b>Fruits Belgi, SL<\/b><\/p>\n<p><span style=\"font-weight: 400;\">Commercial name: <\/span><b>Fruits Belgi<\/b><\/p>\n<p><span style=\"font-weight: 400;\">CIF: <\/span><b>B12331732<\/b><\/p>\n<p><span style=\"font-weight: 400;\">Address: <\/span><b>Partida Surrach 69. Benicarl\u00f3 (12580) Castell\u00f3n, Spain.<\/b><\/p>\n<p><span style=\"font-weight: 400;\">e-mail: <\/span><b>fruitsbelgi@gmail.com<\/b><\/p>\n<p><span style=\"font-weight: 400;\">\u00a0<\/span><\/p>\n<h2><span style=\"font-weight: 400;\">3. KEY PRINCIPLES<\/span><\/h2>\n<p><span style=\"font-weight: 400;\">We have always been committed to providing our services with the highest degree of quality, which includes treating your data with security and transparency. Our principles are:<\/span><\/p>\n<ul>\n<li style=\"font-weight: 400;\" aria-level=\"1\"><b>Legality<\/b><span style=\"font-weight: 400;\">: We will only collect your personal data for specific, explicit and legitimate purposes.<\/span><\/li>\n<li style=\"font-weight: 400;\" aria-level=\"1\"><b>Data minimization<\/b><span style=\"font-weight: 400;\">: We limit the collection of personal data to what is strictly relevant and necessary for the purposes for which it was collected.<\/span><\/li>\n<li style=\"font-weight: 400;\" aria-level=\"1\"><b>Limitation of Purpose<\/b><span style=\"font-weight: 400;\">: We will only collect your personal data for the stated purposes and only according to your wishes.<\/span><\/li>\n<li style=\"font-weight: 400;\" aria-level=\"1\"><b>Accuracy<\/b><span style=\"font-weight: 400;\">: We will keep your personal data accurate and up to date.<\/span><\/li>\n<li style=\"font-weight: 400;\" aria-level=\"1\"><b>Data Security<\/b><span style=\"font-weight: 400;\">: We apply appropriate technical and organizational measures proportional to the risks to ensure that your data does not suffer damage, such as unauthorized disclosure or access, accidental or illegal destruction or accidental loss or alteration and any other form of illicit treatment.<\/span><\/li>\n<li style=\"font-weight: 400;\" aria-level=\"1\"><b>Access and Rectification<\/b><span style=\"font-weight: 400;\">: We have the means for you to access or rectify your data when you deem it appropriate.<\/span><\/li>\n<li style=\"font-weight: 400;\" aria-level=\"1\"><b>Conservation<\/b><span style=\"font-weight: 400;\">: We keep your personal data legally and appropriately and only as long as it is necessary for the purposes for which it was collected.<\/span><\/li>\n<li style=\"font-weight: 400;\" aria-level=\"1\"><b>International transfers<\/b><span style=\"font-weight: 400;\">: when it is the case that your data is going to be transferred outside the EU \/ EEA, it will be adequately protected.<\/span><\/li>\n<li style=\"font-weight: 400;\" aria-level=\"1\"><b>Third parties<\/b><span style=\"font-weight: 400;\">: Access and transfer of personal data to third parties are carried out in accordance with the applicable laws and regulations and with the appropriate contractual guarantees.<\/span><\/li>\n<li style=\"font-weight: 400;\" aria-level=\"1\"><b>Direct Marketing and cookies<\/b><span style=\"font-weight: 400;\">: We comply with the applicable legislation regarding advertising and cookies.<\/span><\/li>\n<\/ul>\n<h2><span style=\"font-weight: 400;\">4. COLLECTION AND PROCESSING OF YOUR PERSONAL DATA<\/span><\/h2>\n<p><span style=\"font-weight: 400;\">The types of data that can be requested and processed are:<\/span><\/p>\n<ul>\n<li style=\"font-weight: 400;\" aria-level=\"1\"><span style=\"font-weight: 400;\">Identifying data.<\/span><\/li>\n<\/ul>\n<p><span style=\"font-weight: 400;\">We also automatically collect data about your visit to our website as described in the cookie policy.<\/span><\/p>\n<p><span style=\"font-weight: 400;\">Whenever we request your Personal Data, we will clearly inform you of what personal data we collect and for what purpose. In general, we collect and process your personal data for the purpose of:<\/span><\/p>\n<ul>\n<li style=\"font-weight: 400;\" aria-level=\"1\"><span style=\"font-weight: 400;\">Providing information, services, products, relevant information and news in the sector.<\/span><\/li>\n<li style=\"font-weight: 400;\" aria-level=\"1\"><span style=\"font-weight: 400;\">Sending of communications.<\/span><\/li>\n<\/ul>\n<h2><span style=\"font-weight: 400;\">5. LEGITIMACYprocessed<\/span><\/h2>\n<p><span style=\"font-weight: 400;\">In accordance with the applicable data protection regulations, your personal data may beprovided that:<\/span><\/p>\n<ul>\n<li style=\"font-weight: 400;\" aria-level=\"1\"><span style=\"font-weight: 400;\">You have given us your consent for the purposes of the treatment. Of course you can withdraw your consent at any time.<\/span><\/li>\n<li style=\"font-weight: 400;\" aria-level=\"1\"><span style=\"font-weight: 400;\">By legal requirement.<\/span><\/li>\n<li style=\"font-weight: 400;\" aria-level=\"1\"><span style=\"font-weight: 400;\">Because there is a legitimate interest that is not undermined by your privacy rights, such as the sending of commercial information either by subscribing to our newsletter or by being a client.<\/span><\/li>\n<li style=\"font-weight: 400;\" aria-level=\"1\"><span style=\"font-weight: 400;\">Because it is necessary for the provision of any of our services through a contractual relationship between you and us.<\/span><\/li>\n<\/ul>\n<h2><span style=\"font-weight: 400;\">6. COMMUNICATION OF PERSONAL DATA<\/span><\/h2>\n<p><span style=\"font-weight: 400;\">The data may be communicated to companies related to <\/span><b>Fruits Belgi, SL<\/b><span style=\"font-weight: 400;\"> for the provision of various services as Treatment Managers. The company will not make any assignment, except by legal obligation.<\/span><\/p>\n<h2><span style=\"font-weight: 400;\">7. YOUR RIGHTS<\/span><\/h2>\n<p><span style=\"font-weight: 400;\">In relation to the collection and processing of your personal data, you can contact us at any time to:<\/span><\/p>\n<ul>\n<li style=\"font-weight: 400;\" aria-level=\"1\"><span style=\"font-weight: 400;\">Access your personal data and any other information indicated in Article 15.1 of the RGPD.<\/span><\/li>\n<li style=\"font-weight: 400;\" aria-level=\"1\"><span style=\"font-weight: 400;\">Rectify your personal data that is inaccurate or incomplete in accordance with Article 16 of the RGPD.<\/span><\/li>\n<li style=\"font-weight: 400;\" aria-level=\"1\"><span style=\"font-weight: 400;\">Delete your personal data in accordance with Article 17 of the RGPD.<\/span><\/li>\n<li style=\"font-weight: 400;\" aria-level=\"1\"><span style=\"font-weight: 400;\">Limit the processing of your personal data in accordance with Article 18 of the RGPD.<\/span><\/li>\n<li style=\"font-weight: 400;\" aria-level=\"1\"><span style=\"font-weight: 400;\">Request the portability of your data in accordance with Article 20 of the <\/span><a href=\"https:\/\/presencialismo.com\/\"><span style=\"font-weight: 400;\">RGPD<\/span><\/a><span style=\"font-weight: 400;\">.<\/span><\/li>\n<li style=\"font-weight: 400;\" aria-level=\"1\"><span style=\"font-weight: 400;\">Oppose the processing of your personal data in accordance with article 21 of the RGPD.<\/span><\/li>\n<\/ul>\n<p><span style=\"font-weight: 400;\">If you have given your consent for a specific purpose, you have the right to withdraw the consent granted at any time, without affecting the legality of the treatment based on the consent prior to its withdrawal <\/span><a href=\"https:\/\/presencialismo.com\/\"><span style=\"font-weight: 400;\">hr<\/span><\/a><span style=\"font-weight: 400;\">.<\/span><\/p>\n<p><span style=\"font-weight: 400;\">You can exercise these rights by sending a motivated and accredited communication to tuemail@tudominio .com<\/span><\/p>\n<p><span style=\"font-weight: 400;\">You also have the right to file a claim with the competent Control Authority (<\/span><a href=\"https:\/\/aepd.es\/\"><span style=\"font-weight: 400;\">www.aepd.es<\/span><\/a><span style=\"font-weight: 400;\">) if you consider that the treatment does not comply with current regulations.<\/span><\/p>\n<h2><span style=\"font-weight: 400;\">8. LEGAL INFORMATION<\/span><\/h2>\n<p><span style=\"font-weight: 400;\">The requirements of this Policy complement, and do not replace, any other requirement under the applicable data protection law, which will prevail in any case.<\/span><\/p>\n<p><span style=\"font-weight: 400;\">This Policy is subject to periodic reviews and the company can modify it at any time. When this occurs, we will notify you of any changes and ask you to reread the most recent version of our Policy and confirm your acceptance.<\/span><\/p>\n<h1>\n<\/h1>\n<p>[\/et_pb_text][\/et_pb_column][\/et_pb_row][\/et_pb_section]<\/p>\n","protected":false},"excerpt":{"rendered":"<p>PRIVACY POLICY 1. INFORMATION TO THE USER Fruits Belgi, SL, as Responsible for the Treatment, informs you that, according to the provisions of Regulation (EU) 2016\/679, of April 27, (RGPD) and in LO 3\/2018, of December 5 , of data protection and guarantee of digital rights (LOPDGDD), we will treat your data as we reflect [&hellip;]<\/p>\n","protected":false},"author":3,"featured_media":0,"parent":0,"menu_order":0,"comment_status":"closed","ping_status":"closed","template":"","meta":{"_et_pb_use_builder":"on","_et_pb_old_content":"<!-- wp:heading -->\n<h2>Qui\u00e9nes somos<\/h2>\n<!-- \/wp:heading -->\n\n<!-- wp:paragraph -->\n<p><strong class=\"privacy-policy-tutorial\">Texto sugerido: <\/strong>La direcci\u00f3n de nuestra web es: https:\/\/fruitsbelgi.es.<\/p>\n<!-- \/wp:paragraph -->\n\n<!-- wp:heading -->\n<h2>Comentarios<\/h2>\n<!-- \/wp:heading -->\n\n<!-- wp:paragraph -->\n<p><strong class=\"privacy-policy-tutorial\">Texto sugerido: <\/strong>Cuando los visitantes dejan comentarios en la web, recopilamos los datos que se muestran en el formulario de comentarios, as\u00ed como la direcci\u00f3n IP del visitante y la cadena de agentes de usuario del navegador para ayudar a la detecci\u00f3n de spam.<\/p>\n<!-- \/wp:paragraph -->\n\n<!-- wp:paragraph -->\n<p>Una cadena an\u00f3nima creada a partir de tu direcci\u00f3n de correo electr\u00f3nico (tambi\u00e9n llamada hash) puede ser proporcionada al servicio de Gravatar para ver si la est\u00e1s usando. La pol\u00edtica de privacidad del servicio Gravatar est\u00e1 disponible aqu\u00ed: https:\/\/automattic.com\/privacy\/. Despu\u00e9s de la aprobaci\u00f3n de tu comentario, la imagen de tu perfil es visible para el p\u00fablico en el contexto de tu comentario.<\/p>\n<!-- \/wp:paragraph -->\n\n<!-- wp:heading -->\n<h2>Medios<\/h2>\n<!-- \/wp:heading -->\n\n<!-- wp:paragraph -->\n<p><strong class=\"privacy-policy-tutorial\">Texto sugerido: <\/strong>Si subes im\u00e1genes a la web, deber\u00edas evitar subir im\u00e1genes con datos de ubicaci\u00f3n (GPS EXIF) incluidos. Los visitantes de la web pueden descargar y extraer cualquier dato de ubicaci\u00f3n de las im\u00e1genes de la web.<\/p>\n<!-- \/wp:paragraph -->\n\n<!-- wp:heading -->\n<h2>Cookies<\/h2>\n<!-- \/wp:heading -->\n\n<!-- wp:paragraph -->\n<p><strong class=\"privacy-policy-tutorial\">Texto sugerido: <\/strong>Si dejas un comentario en nuestro sitio puedes elegir guardar tu nombre, direcci\u00f3n de correo electr\u00f3nico y web en cookies. Esto es para tu comodidad, para que no tengas que volver a rellenar tus datos cuando dejes otro comentario. Estas cookies tendr\u00e1n una duraci\u00f3n de un a\u00f1o.<\/p>\n<!-- \/wp:paragraph -->\n\n<!-- wp:paragraph -->\n<p>Si tienes una cuenta y te conectas a este sitio, instalaremos una cookie temporal para determinar si tu navegador acepta cookies. Esta cookie no contiene datos personales y se elimina al cerrar el navegador.<\/p>\n<!-- \/wp:paragraph -->\n\n<!-- wp:paragraph -->\n<p>Cuando accedas, tambi\u00e9n instalaremos varias cookies para guardar tu informaci\u00f3n de acceso y tus opciones de visualizaci\u00f3n de pantalla. Las cookies de acceso duran dos d\u00edas, y las cookies de opciones de pantalla duran un a\u00f1o. Si seleccionas \u00abRecu\u00e9rdarme\u00bb, tu acceso perdurar\u00e1 durante dos semanas. Si sales de tu cuenta, las cookies de acceso se eliminar\u00e1n.<\/p>\n<!-- \/wp:paragraph -->\n\n<!-- wp:paragraph -->\n<p>Si editas o publicas un art\u00edculo se guardar\u00e1 una cookie adicional en tu navegador. Esta cookie no incluye datos personales y simplemente indica el ID del art\u00edculo que acabas de editar. Caduca despu\u00e9s de 1 d\u00eda.<\/p>\n<!-- \/wp:paragraph -->\n\n<!-- wp:heading -->\n<h2>Contenido incrustado de otros sitios web<\/h2>\n<!-- \/wp:heading -->\n\n<!-- wp:paragraph -->\n<p><strong class=\"privacy-policy-tutorial\">Texto sugerido: <\/strong>Los art\u00edculos de este sitio pueden incluir contenido incrustado (por ejemplo, v\u00eddeos, im\u00e1genes, art\u00edculos, etc.). El contenido incrustado de otras webs se comporta exactamente de la misma manera que si el visitante hubiera visitado la otra web.<\/p>\n<!-- \/wp:paragraph -->\n\n<!-- wp:paragraph -->\n<p>Estas web pueden recopilar datos sobre ti, utilizar cookies, incrustar un seguimiento adicional de terceros, y supervisar tu interacci\u00f3n con ese contenido incrustado, incluido el seguimiento de tu interacci\u00f3n con el contenido incrustado si tienes una cuenta y est\u00e1s conectado a esa web.<\/p>\n<!-- \/wp:paragraph -->\n\n<!-- wp:heading -->\n<h2>Con qui\u00e9n compartimos tus datos<\/h2>\n<!-- \/wp:heading -->\n\n<!-- wp:paragraph -->\n<p><strong class=\"privacy-policy-tutorial\">Texto sugerido: <\/strong>Si solicitas un restablecimiento de contrase\u00f1a, tu direcci\u00f3n IP ser\u00e1 incluida en el correo electr\u00f3nico de restablecimiento.<\/p>\n<!-- \/wp:paragraph -->\n\n<!-- wp:heading -->\n<h2>Cu\u00e1nto tiempo conservamos tus datos<\/h2>\n<!-- \/wp:heading -->\n\n<!-- wp:paragraph -->\n<p><strong class=\"privacy-policy-tutorial\">Texto sugerido: <\/strong>Si dejas un comentario, el comentario y sus metadatos se conservan indefinidamente. Esto es para que podamos reconocer y aprobar comentarios sucesivos autom\u00e1ticamente, en lugar de mantenerlos en una cola de moderaci\u00f3n.<\/p>\n<!-- \/wp:paragraph -->\n\n<!-- wp:paragraph -->\n<p>De los usuarios que se registran en nuestra web (si los hay), tambi\u00e9n almacenamos la informaci\u00f3n personal que proporcionan en su perfil de usuario. Todos los usuarios pueden ver, editar o eliminar su informaci\u00f3n personal en cualquier momento (excepto que no pueden cambiar su nombre de usuario). Los administradores de la web tambi\u00e9n pueden ver y editar esa informaci\u00f3n.<\/p>\n<!-- \/wp:paragraph -->\n\n<!-- wp:heading -->\n<h2>Qu\u00e9 derechos tienes sobre tus datos<\/h2>\n<!-- \/wp:heading -->\n\n<!-- wp:paragraph -->\n<p><strong class=\"privacy-policy-tutorial\">Texto sugerido: <\/strong>Si tienes una cuenta o has dejado comentarios en esta web, puedes solicitar recibir un archivo de exportaci\u00f3n de los datos personales que tenemos sobre ti, incluyendo cualquier dato que nos hayas proporcionado. Tambi\u00e9n puedes solicitar que eliminemos cualquier dato personal que tengamos sobre ti. Esto no incluye ning\u00fan dato que estemos obligados a conservar con fines administrativos, legales o de seguridad.<\/p>\n<!-- \/wp:paragraph -->\n\n<!-- wp:heading -->\n<h2>D\u00f3nde enviamos tus datos<\/h2>\n<!-- \/wp:heading -->\n\n<!-- wp:paragraph -->\n<p><strong class=\"privacy-policy-tutorial\">Texto sugerido: <\/strong>Los comentarios de los visitantes puede que los revise un servicio de detecci\u00f3n autom\u00e1tica de spam.<\/p>\n<!-- \/wp:paragraph -->","_et_gb_content_width":"1080","footnotes":""},"class_list":["post-1006","page","type-page","status-publish","hentry"],"yoast_head":"<!-- This site is optimized with the Yoast SEO plugin v27.3 - https:\/\/yoast.com\/product\/yoast-seo-wordpress\/ -->\n<title>Privacy Policy &#060; Fruits Belgi<\/title>\n<meta name=\"robots\" content=\"index, follow, max-snippet:-1, max-image-preview:large, max-video-preview:-1\" \/>\n<link rel=\"canonical\" href=\"https:\/\/fruitsbelgi.es\/en\/privacy-policy\/\" \/>\n<meta property=\"og:locale\" content=\"en_US\" \/>\n<meta property=\"og:type\" content=\"article\" \/>\n<meta property=\"og:title\" content=\"Privacy Policy &#060; Fruits Belgi\" \/>\n<meta property=\"og:description\" content=\"PRIVACY POLICY 1. INFORMATION TO THE USER Fruits Belgi, SL, as Responsible for the Treatment, informs you that, according to the provisions of Regulation (EU) 2016\/679, of April 27, (RGPD) and in LO 3\/2018, of December 5 , of data protection and guarantee of digital rights (LOPDGDD), we will treat your data as we reflect [&hellip;]\" \/>\n<meta property=\"og:url\" content=\"https:\/\/fruitsbelgi.es\/en\/privacy-policy\/\" \/>\n<meta property=\"og:site_name\" content=\"Fruits Belgi\" \/>\n<meta property=\"article:publisher\" content=\"https:\/\/www.facebook.com\/FruitsBelgi\" \/>\n<meta property=\"article:modified_time\" content=\"2021-07-19T12:04:51+00:00\" \/>\n<meta property=\"og:image\" content=\"https:\/\/fruitsbelgi.es\/wp-content\/uploads\/2021\/04\/logo-belgi-sin-txt-400.png\" \/>\n\t<meta property=\"og:image:width\" content=\"401\" \/>\n\t<meta property=\"og:image:height\" content=\"122\" \/>\n\t<meta property=\"og:image:type\" content=\"image\/png\" \/>\n<meta name=\"twitter:card\" content=\"summary_large_image\" \/>\n<meta name=\"twitter:label1\" content=\"Est. reading time\" \/>\n\t<meta name=\"twitter:data1\" content=\"3 minutes\" \/>\n<script type=\"application\/ld+json\" class=\"yoast-schema-graph\">{\"@context\":\"https:\\\/\\\/schema.org\",\"@graph\":[{\"@type\":\"WebPage\",\"@id\":\"https:\\\/\\\/fruitsbelgi.es\\\/en\\\/privacy-policy\\\/\",\"url\":\"https:\\\/\\\/fruitsbelgi.es\\\/en\\\/privacy-policy\\\/\",\"name\":\"Privacy Policy &#060; Fruits Belgi\",\"isPartOf\":{\"@id\":\"https:\\\/\\\/fruitsbelgi.es\\\/en\\\/#website\"},\"datePublished\":\"2021-04-03T12:28:14+00:00\",\"dateModified\":\"2021-07-19T12:04:51+00:00\",\"breadcrumb\":{\"@id\":\"https:\\\/\\\/fruitsbelgi.es\\\/en\\\/privacy-policy\\\/#breadcrumb\"},\"inLanguage\":\"en-US\",\"potentialAction\":[{\"@type\":\"ReadAction\",\"target\":[\"https:\\\/\\\/fruitsbelgi.es\\\/en\\\/privacy-policy\\\/\"]}]},{\"@type\":\"BreadcrumbList\",\"@id\":\"https:\\\/\\\/fruitsbelgi.es\\\/en\\\/privacy-policy\\\/#breadcrumb\",\"itemListElement\":[{\"@type\":\"ListItem\",\"position\":1,\"name\":\"Home\",\"item\":\"https:\\\/\\\/fruitsbelgi.es\\\/en\\\/\"},{\"@type\":\"ListItem\",\"position\":2,\"name\":\"Privacy Policy\"}]},{\"@type\":\"WebSite\",\"@id\":\"https:\\\/\\\/fruitsbelgi.es\\\/en\\\/#website\",\"url\":\"https:\\\/\\\/fruitsbelgi.es\\\/en\\\/\",\"name\":\"Fruits Belgi\",\"description\":\"Agricultura responsable\",\"publisher\":{\"@id\":\"https:\\\/\\\/fruitsbelgi.es\\\/en\\\/#organization\"},\"potentialAction\":[{\"@type\":\"SearchAction\",\"target\":{\"@type\":\"EntryPoint\",\"urlTemplate\":\"https:\\\/\\\/fruitsbelgi.es\\\/en\\\/?s={search_term_string}\"},\"query-input\":{\"@type\":\"PropertyValueSpecification\",\"valueRequired\":true,\"valueName\":\"search_term_string\"}}],\"inLanguage\":\"en-US\"},{\"@type\":\"Organization\",\"@id\":\"https:\\\/\\\/fruitsbelgi.es\\\/en\\\/#organization\",\"name\":\"Fruits Belgi, S.L.\",\"url\":\"https:\\\/\\\/fruitsbelgi.es\\\/en\\\/\",\"logo\":{\"@type\":\"ImageObject\",\"inLanguage\":\"en-US\",\"@id\":\"https:\\\/\\\/fruitsbelgi.es\\\/en\\\/#\\\/schema\\\/logo\\\/image\\\/\",\"url\":\"https:\\\/\\\/fruitsbelgi.es\\\/wp-content\\\/uploads\\\/2021\\\/04\\\/logo-belgi-sin-txt-400.png\",\"contentUrl\":\"https:\\\/\\\/fruitsbelgi.es\\\/wp-content\\\/uploads\\\/2021\\\/04\\\/logo-belgi-sin-txt-400.png\",\"width\":401,\"height\":122,\"caption\":\"Fruits Belgi, S.L.\"},\"image\":{\"@id\":\"https:\\\/\\\/fruitsbelgi.es\\\/en\\\/#\\\/schema\\\/logo\\\/image\\\/\"},\"sameAs\":[\"https:\\\/\\\/www.facebook.com\\\/FruitsBelgi\",\"https:\\\/\\\/www.instagram.com\\\/fruitsbelgi\\\/\"]}]}<\/script>\n<!-- \/ Yoast SEO plugin. -->","yoast_head_json":{"title":"Privacy Policy &#060; Fruits Belgi","robots":{"index":"index","follow":"follow","max-snippet":"max-snippet:-1","max-image-preview":"max-image-preview:large","max-video-preview":"max-video-preview:-1"},"canonical":"https:\/\/fruitsbelgi.es\/en\/privacy-policy\/","og_locale":"en_US","og_type":"article","og_title":"Privacy Policy &#060; Fruits Belgi","og_description":"PRIVACY POLICY 1. INFORMATION TO THE USER Fruits Belgi, SL, as Responsible for the Treatment, informs you that, according to the provisions of Regulation (EU) 2016\/679, of April 27, (RGPD) and in LO 3\/2018, of December 5 , of data protection and guarantee of digital rights (LOPDGDD), we will treat your data as we reflect [&hellip;]","og_url":"https:\/\/fruitsbelgi.es\/en\/privacy-policy\/","og_site_name":"Fruits Belgi","article_publisher":"https:\/\/www.facebook.com\/FruitsBelgi","article_modified_time":"2021-07-19T12:04:51+00:00","og_image":[{"width":401,"height":122,"url":"https:\/\/fruitsbelgi.es\/wp-content\/uploads\/2021\/04\/logo-belgi-sin-txt-400.png","type":"image\/png"}],"twitter_card":"summary_large_image","twitter_misc":{"Est. reading time":"3 minutes"},"schema":{"@context":"https:\/\/schema.org","@graph":[{"@type":"WebPage","@id":"https:\/\/fruitsbelgi.es\/en\/privacy-policy\/","url":"https:\/\/fruitsbelgi.es\/en\/privacy-policy\/","name":"Privacy Policy &#060; Fruits Belgi","isPartOf":{"@id":"https:\/\/fruitsbelgi.es\/en\/#website"},"datePublished":"2021-04-03T12:28:14+00:00","dateModified":"2021-07-19T12:04:51+00:00","breadcrumb":{"@id":"https:\/\/fruitsbelgi.es\/en\/privacy-policy\/#breadcrumb"},"inLanguage":"en-US","potentialAction":[{"@type":"ReadAction","target":["https:\/\/fruitsbelgi.es\/en\/privacy-policy\/"]}]},{"@type":"BreadcrumbList","@id":"https:\/\/fruitsbelgi.es\/en\/privacy-policy\/#breadcrumb","itemListElement":[{"@type":"ListItem","position":1,"name":"Home","item":"https:\/\/fruitsbelgi.es\/en\/"},{"@type":"ListItem","position":2,"name":"Privacy Policy"}]},{"@type":"WebSite","@id":"https:\/\/fruitsbelgi.es\/en\/#website","url":"https:\/\/fruitsbelgi.es\/en\/","name":"Fruits Belgi","description":"Agricultura responsable","publisher":{"@id":"https:\/\/fruitsbelgi.es\/en\/#organization"},"potentialAction":[{"@type":"SearchAction","target":{"@type":"EntryPoint","urlTemplate":"https:\/\/fruitsbelgi.es\/en\/?s={search_term_string}"},"query-input":{"@type":"PropertyValueSpecification","valueRequired":true,"valueName":"search_term_string"}}],"inLanguage":"en-US"},{"@type":"Organization","@id":"https:\/\/fruitsbelgi.es\/en\/#organization","name":"Fruits Belgi, S.L.","url":"https:\/\/fruitsbelgi.es\/en\/","logo":{"@type":"ImageObject","inLanguage":"en-US","@id":"https:\/\/fruitsbelgi.es\/en\/#\/schema\/logo\/image\/","url":"https:\/\/fruitsbelgi.es\/wp-content\/uploads\/2021\/04\/logo-belgi-sin-txt-400.png","contentUrl":"https:\/\/fruitsbelgi.es\/wp-content\/uploads\/2021\/04\/logo-belgi-sin-txt-400.png","width":401,"height":122,"caption":"Fruits Belgi, S.L."},"image":{"@id":"https:\/\/fruitsbelgi.es\/en\/#\/schema\/logo\/image\/"},"sameAs":["https:\/\/www.facebook.com\/FruitsBelgi","https:\/\/www.instagram.com\/fruitsbelgi\/"]}]}},"_links":{"self":[{"href":"https:\/\/fruitsbelgi.es\/en\/wp-json\/wp\/v2\/pages\/1006","targetHints":{"allow":["GET"]}}],"collection":[{"href":"https:\/\/fruitsbelgi.es\/en\/wp-json\/wp\/v2\/pages"}],"about":[{"href":"https:\/\/fruitsbelgi.es\/en\/wp-json\/wp\/v2\/types\/page"}],"author":[{"embeddable":true,"href":"https:\/\/fruitsbelgi.es\/en\/wp-json\/wp\/v2\/users\/3"}],"replies":[{"embeddable":true,"href":"https:\/\/fruitsbelgi.es\/en\/wp-json\/wp\/v2\/comments?post=1006"}],"version-history":[{"count":3,"href":"https:\/\/fruitsbelgi.es\/en\/wp-json\/wp\/v2\/pages\/1006\/revisions"}],"predecessor-version":[{"id":1013,"href":"https:\/\/fruitsbelgi.es\/en\/wp-json\/wp\/v2\/pages\/1006\/revisions\/1013"}],"wp:attachment":[{"href":"https:\/\/fruitsbelgi.es\/en\/wp-json\/wp\/v2\/media?parent=1006"}],"curies":[{"name":"wp","href":"https:\/\/api.w.org\/{rel}","templated":true}]}}